{"id":53,"date":"2015-07-20T10:49:58","date_gmt":"2015-07-20T10:49:58","guid":{"rendered":"http:\/\/demo.themegrill.com\/himalayas\/?page_id=53"},"modified":"2023-09-27T09:43:22","modified_gmt":"2023-09-27T09:43:22","slug":"one-page-menu","status":"publish","type":"page","link":"https:\/\/fjtorres.com\/index.php\/one-page-menu\/","title":{"rendered":"Direcci\u00f3n de Orquesta"},"content":{"rendered":"<p>Director titular de la Orquesta Filarmon\u00eda de Sevilla. En 2004 Torres Sim\u00f3n completa el programa de direcci\u00f3n de orquesta de la Berklee College of Music con la calificaci\u00f3n de sobresaliente cum laude, recibiendo clases de directores como Do\u00f1a Valerie Taylor, Don George Monseur o Don Ronald Feldman, siendo disc\u00edpulo directo de este \u00faltimo en su proyecto fin de carrera.<\/p>\n<p>Su especializaci\u00f3n en direcci\u00f3n de orquesta se centra en la m\u00fasica contempor\u00e1nea, la m\u00fasica esc\u00e9nica y la direcci\u00f3n orquestal para producciones audiovisuales.<\/p>\n<p style=\"text-align: justify;\">Su t\u00e9cnica, muy marcada por el programa de Berklee, conjuga el gesto de la escuela de Hideo Saito; el estudio sistem\u00e1tico de la partitura de Sergiu Celibidache; as\u00ed como la flexibilidad en la ejecuci\u00f3n de la escuela de Hans Swarowsky.<\/p>\n<p>O Mio Babbino Caro (Giacomo Puccini).<\/p>\n\n\n<figure class=\"wp-block-embed is-type-video is-provider-youtube wp-block-embed-youtube wp-embed-aspect-16-9 wp-has-aspect-ratio\"><div class=\"wp-block-embed__wrapper\">\n<iframe loading=\"lazy\" title=\"O Mio Babbino Caro - Orquesta Filarmon\u00eda de Sevilla\" width=\"783\" height=\"440\" src=\"https:\/\/www.youtube.com\/embed\/_9XaoDOVYvk?feature=oembed\" frameborder=\"0\" allow=\"accelerometer; autoplay; clipboard-write; encrypted-media; gyroscope; picture-in-picture; web-share\" allowfullscreen><\/iframe>\n<\/div><\/figure>\n\n\n\n<p><\/p>\n\n\n\n<p>Blanco Cipr\u00e9s (Francisco Javier Torres Sim\u00f3n).<\/p>\n\n\n\n<figure class=\"wp-block-embed is-type-video is-provider-youtube wp-block-embed-youtube wp-embed-aspect-16-9 wp-has-aspect-ratio\"><div class=\"wp-block-embed__wrapper\">\n<iframe loading=\"lazy\" title=\"Orquesta Filarmon\u00eda Sevilla. Blanco Cipr\u00e9s\" width=\"783\" height=\"440\" src=\"https:\/\/www.youtube.com\/embed\/FU1a8njER8Y?feature=oembed\" frameborder=\"0\" allow=\"accelerometer; autoplay; clipboard-write; encrypted-media; gyroscope; picture-in-picture; web-share\" allowfullscreen><\/iframe>\n<\/div><\/figure>\n\n\n\n<p><\/p>\n","protected":false},"excerpt":{"rendered":"<p>Director titular de la Orquesta Filarmon\u00eda de Sevilla. En 2004 Torres Sim\u00f3n completa el programa de direcci\u00f3n de orquesta de la Berklee College of Music<\/p>\n","protected":false},"author":1,"featured_media":377,"parent":0,"menu_order":0,"comment_status":"closed","ping_status":"closed","template":"page-templates\/template-services.php","meta":{"footnotes":""},"class_list":["post-53","page","type-page","status-publish","has-post-thumbnail","hentry"],"_links":{"self":[{"href":"https:\/\/fjtorres.com\/index.php\/wp-json\/wp\/v2\/pages\/53","targetHints":{"allow":["GET"]}}],"collection":[{"href":"https:\/\/fjtorres.com\/index.php\/wp-json\/wp\/v2\/pages"}],"about":[{"href":"https:\/\/fjtorres.com\/index.php\/wp-json\/wp\/v2\/types\/page"}],"author":[{"embeddable":true,"href":"https:\/\/fjtorres.com\/index.php\/wp-json\/wp\/v2\/users\/1"}],"replies":[{"embeddable":true,"href":"https:\/\/fjtorres.com\/index.php\/wp-json\/wp\/v2\/comments?post=53"}],"version-history":[{"count":6,"href":"https:\/\/fjtorres.com\/index.php\/wp-json\/wp\/v2\/pages\/53\/revisions"}],"predecessor-version":[{"id":498,"href":"https:\/\/fjtorres.com\/index.php\/wp-json\/wp\/v2\/pages\/53\/revisions\/498"}],"wp:featuredmedia":[{"embeddable":true,"href":"https:\/\/fjtorres.com\/index.php\/wp-json\/wp\/v2\/media\/377"}],"wp:attachment":[{"href":"https:\/\/fjtorres.com\/index.php\/wp-json\/wp\/v2\/media?parent=53"}],"curies":[{"name":"wp","href":"https:\/\/api.w.org\/{rel}","templated":true}]}}