{"id":52,"date":"2015-07-20T10:48:26","date_gmt":"2015-07-20T10:48:26","guid":{"rendered":"http:\/\/demo.themegrill.com\/himalayas\/?page_id=52"},"modified":"2023-09-27T09:47:46","modified_gmt":"2023-09-27T09:47:46","slug":"parallax-effect","status":"publish","type":"page","link":"https:\/\/fjtorres.com\/index.php\/parallax-effect\/","title":{"rendered":"M\u00fasica para el Audiovisual"},"content":{"rendered":"<p style=\"text-align: justify;\">Doctor por la Universidad de Sevilla en la especialidad de m\u00fasica para el audiovisual, Torres Sim\u00f3n desarrolla una labor intensa como compositor y orquestador de m\u00fasica para el audiovisual, teniendo en cuenta que su especialidad como docente son las asignaturas \u00abM\u00fasica y Cultura de Masas\u00bb y \u00abEdici\u00f3n y Postproducci\u00f3n de Audio Digital\u00bb, asignaturas del grado en Comunicaci\u00f3n Audiovisual de la Universidad de Sevilla.<\/p>\n<p>En 2012 asisti\u00f3 al Festival de Cannes (Francia) con el equipo del cortometraje \u00abLa \u00faltima Foto\u00bb.<\/p>\n\n\n<figure class=\"wp-block-embed is-type-video is-provider-youtube wp-block-embed-youtube wp-embed-aspect-16-9 wp-has-aspect-ratio\"><div class=\"wp-block-embed__wrapper\">\n<iframe loading=\"lazy\" title=\"CORTOMETRAJE &quot;LA \u00daLTIMA FOTO&quot; (2012)\" width=\"783\" height=\"440\" src=\"https:\/\/www.youtube.com\/embed\/iebErtsNNeU?feature=oembed\" frameborder=\"0\" allow=\"accelerometer; autoplay; clipboard-write; encrypted-media; gyroscope; picture-in-picture; web-share\" allowfullscreen><\/iframe>\n<\/div><\/figure>\n\n\n\n<p><\/p>\n\n\n\n<p> En 2017 obtiene el premio a la mejor banda sonora original por \u00abFlying Bag\u00bb en Los Angeles Cinefest (EEUU).<\/p>\n\n\n\n<figure class=\"wp-block-embed is-type-video is-provider-vimeo wp-block-embed-vimeo wp-embed-aspect-16-9 wp-has-aspect-ratio\"><div class=\"wp-block-embed__wrapper\">\n<iframe loading=\"lazy\" title=\"Flying Bag MASTER\" src=\"https:\/\/player.vimeo.com\/video\/218697423?dnt=1&amp;app_id=122963\" width=\"783\" height=\"440\" frameborder=\"0\" allow=\"autoplay; fullscreen; picture-in-picture\"><\/iframe>\n<\/div><\/figure>\n\n\n\n<p>En 2018 asiste al Festival Europeo de Sevilla y al Festival Latinoamericano de Huelva por la banda sonora de \u00abAl Sur del Sur\u00bb.<\/p>\n\n\n\n<figure class=\"wp-block-embed is-type-video is-provider-youtube wp-block-embed-youtube wp-embed-aspect-16-9 wp-has-aspect-ratio\"><div class=\"wp-block-embed__wrapper\">\n<iframe loading=\"lazy\" title=\"Al Sur del Sur - Banda Sonora (Videoclip)\" width=\"783\" height=\"440\" src=\"https:\/\/www.youtube.com\/embed\/2FL2vd1H5V4?feature=oembed\" frameborder=\"0\" allow=\"accelerometer; autoplay; clipboard-write; encrypted-media; gyroscope; picture-in-picture; web-share\" allowfullscreen><\/iframe>\n<\/div><\/figure>\n\n\n\n<p>En 2022 es candidato a los Goya por la pel\u00edcula Parasceve:Retrato de una Semana Santa.<\/p>\n\n\n\n<figure class=\"wp-block-embed is-type-video is-provider-youtube wp-block-embed-youtube wp-embed-aspect-16-9 wp-has-aspect-ratio\"><div class=\"wp-block-embed__wrapper\">\n<iframe loading=\"lazy\" title=\"Parasceve - Tr\u00e1iler oficial\" width=\"783\" height=\"440\" src=\"https:\/\/www.youtube.com\/embed\/66NM8oKZFMo?feature=oembed\" frameborder=\"0\" allow=\"accelerometer; autoplay; clipboard-write; encrypted-media; gyroscope; picture-in-picture; web-share\" allowfullscreen><\/iframe>\n<\/div><\/figure>\n\n\n\n<p><\/p>\n\n\n\n<p>Su especializaci\u00f3n queda plasmada en la publicaci\u00f3n del libro de su autor\u00eda \u00abTecnolog\u00edas en la Composici\u00f3n de Bandas Sonoras\u00bb<\/p>\n\n\n\n<figure class=\"wp-block-image size-full\"><a href=\"https:\/\/www.casadellibro.com\/libro-tecnologias-en-la-composicion-de-bandas-sonoras\/9788480488327\/1844289\" target=\"_blank\" rel=\"noreferrer noopener\"><img loading=\"lazy\" decoding=\"async\" width=\"465\" height=\"659\" src=\"http:\/\/fjtorres.com\/wp-content\/uploads\/2023\/09\/portada-libro-tecnologias-1.jpg\" alt=\"\" class=\"wp-image-382\" srcset=\"https:\/\/fjtorres.com\/wp-content\/uploads\/2023\/09\/portada-libro-tecnologias-1.jpg 465w, https:\/\/fjtorres.com\/wp-content\/uploads\/2023\/09\/portada-libro-tecnologias-1-212x300.jpg 212w\" sizes=\"auto, (max-width: 465px) 100vw, 465px\" \/><\/a><\/figure>\n","protected":false},"excerpt":{"rendered":"<p>Doctor por la Universidad de Sevilla en la especialidad de m\u00fasica para el audiovisual, Torres Sim\u00f3n desarrolla una labor intensa como compositor y orquestador de<\/p>\n","protected":false},"author":1,"featured_media":384,"parent":0,"menu_order":0,"comment_status":"closed","ping_status":"open","template":"page-templates\/template-services.php","meta":{"footnotes":""},"class_list":["post-52","page","type-page","status-publish","has-post-thumbnail","hentry"],"_links":{"self":[{"href":"https:\/\/fjtorres.com\/index.php\/wp-json\/wp\/v2\/pages\/52","targetHints":{"allow":["GET"]}}],"collection":[{"href":"https:\/\/fjtorres.com\/index.php\/wp-json\/wp\/v2\/pages"}],"about":[{"href":"https:\/\/fjtorres.com\/index.php\/wp-json\/wp\/v2\/types\/page"}],"author":[{"embeddable":true,"href":"https:\/\/fjtorres.com\/index.php\/wp-json\/wp\/v2\/users\/1"}],"replies":[{"embeddable":true,"href":"https:\/\/fjtorres.com\/index.php\/wp-json\/wp\/v2\/comments?post=52"}],"version-history":[{"count":10,"href":"https:\/\/fjtorres.com\/index.php\/wp-json\/wp\/v2\/pages\/52\/revisions"}],"predecessor-version":[{"id":502,"href":"https:\/\/fjtorres.com\/index.php\/wp-json\/wp\/v2\/pages\/52\/revisions\/502"}],"wp:featuredmedia":[{"embeddable":true,"href":"https:\/\/fjtorres.com\/index.php\/wp-json\/wp\/v2\/media\/384"}],"wp:attachment":[{"href":"https:\/\/fjtorres.com\/index.php\/wp-json\/wp\/v2\/media?parent=52"}],"curies":[{"name":"wp","href":"https:\/\/api.w.org\/{rel}","templated":true}]}}