{"id":51,"date":"2015-07-20T10:47:34","date_gmt":"2015-07-20T10:47:34","guid":{"rendered":"http:\/\/demo.themegrill.com\/himalayas\/?page_id=51"},"modified":"2023-09-27T10:04:01","modified_gmt":"2023-09-27T10:04:01","slug":"robust-features-2","status":"publish","type":"page","link":"https:\/\/fjtorres.com\/index.php\/robust-features-2\/","title":{"rendered":"Investigaci\u00f3n y docencia"},"content":{"rendered":"\n<p><\/p>\n\n\n\n<p>Profesor Titular de la Universidad de Sevilla y director del grupo de investigaci\u00f3n CCOM (<a href=\"https:\/\/investigacion.us.es\/sisius\/sis_depgrupos.php?ct=1&amp;cs=&amp;seltext=HUM-1005&amp;selfield=CodPAI\" target=\"_blank\" rel=\"noreferrer noopener\">Ciencia de la Composici\u00f3n y Orquestaci\u00f3n Musica<\/a>l) HUM:1005 de la Consejer\u00eda de Innovaci\u00f3n Ciencia y Empresa.<\/p>\n\n\n\n<p>Su docencia se centra principalmente en el grado de Comunicaci\u00f3n Audiovisual, coordinando las asignaturas \u00abM\u00fasica y Cultura de Masas\u00bb, \u00abEdici\u00f3n y Postproducci\u00f3n de Audio Digital\u00bb y \u00abTecnolog\u00edas de los Medios Audiovisuales II\u00bb. Adem\u00e1s, es miembro del colegio de doctores del <a href=\"https:\/\/www.doctorado-comunicacion.es\/\" target=\"_blank\" rel=\"noreferrer noopener\">programa interuniversitario en Comunicaci\u00f3n<\/a>, dirigiendo tesis doctorales en el campo de la m\u00fasica para el audiovisual.<\/p>\n\n\n\n<p><\/p>\n\n\n\n<p><strong>Ayuda a la investigaci\u00f3n<\/strong><br>Incentivo al Grupo de Investigaci\u00f3n HUM-1005 (2021\/HUM-1005)<br>Incentivo al Grupo de Investigaci\u00f3n HUM-1005 (2020\/HUM-1005)<\/p>\n\n\n\n<p>Incentivo al Grupo de Investigaci\u00f3n HUM-401 (2017\/HUM-401 &#8211; Investigador)<br>Ayuda a la Consolidaci\u00f3n del Grupo de Investigaci\u00f3n HUM-868 (2009\/HUM-868 &#8211; Investigador)<\/p>\n\n\n\n<p><br><strong>Proyecto de investigaci\u00f3n<\/strong><br>El papel del medialab en la cultura digital: nuevos espacios de creaci\u00f3n colaborativa interdisciplinar en el sistema ACTS (arte, ciencia, tecnolog\u00eda, sociedad) (HAR2009-14667 &#8211; Investigador)<\/p>\n\n\n\n<p><strong>Libros<\/strong><br>Tecnolog\u00edas en la Composici\u00f3n de Bandas Sonoras. Ed. 1. Fundaci\u00f3n Autor. 2011. 216. ISBN 978-84-8048-832-7<br>Tecnolog\u00eda de los Medios Audiovisuales. Ed. 1. Secretariado de Publicaciones de la Universidad de Sevilla. 2009. ISBN 978-84-692-0785-7<br>Producci\u00f3n. Secretariado de Publicaciones de la Universidad de Sevilla. 2009. ISBN 978-84-692-0787-1<\/p>\n\n\n\n<p><strong>Otra participaci\u00f3n en Libros<\/strong><br>Palimpsesto, Morente in Memoriam. FJT Music Solution Ediciones. 2013. 80. ISBN 979-0801241-19-1.<\/p>\n\n\n\n<p><strong>Publicaciones en Revistas<\/strong><br>Ambientaci\u00f3n Musical: Controlando la Experiencia Muse\u00edstica. En: Siranda. 2008. Vol. 1. N\u00fam. 1. Pag. 26-43.<br>Inteligibilidad Auditiva M\u00faltiple en la Comunicaci\u00f3n Audiovisual. En: Comunicaci\u00f3n. 2007. N\u00fam. 5. Pag. 437-448.<\/p>\n\n\n\n<p><strong>Libros de Actas<\/strong><br>Pdsoundgraph Rgb. Creando Formas y Colores Mediante la Armonia Musical. 2009. ISBN 978-84-613-0289-5.<br>El comp\u00e1s de amalgama en la banda sonora: M\u00e1s all\u00e1 de la necesidad imperiosa de la sincronizaci\u00f3n. ISBN 9789899685826. Avanca).<\/p>\n\n\n\n<div class=\"wp-block-group\"><div class=\"wp-block-group__inner-container is-layout-constrained wp-block-group-is-layout-constrained\">\n<p><strong>Aportaciones a Congresos<\/strong><br>Oportunidades de desarrollo profesional en las industrias culturales. Mesa redonda de Jornada. Oportunidades de desarrollo profesional en las industrias culturales. Teatro Central. Sevilla. 2018.<br>Sinfonismo Andaluz: Estado de la Cuesti\u00f3n. Ponencia en Congreso. I Congreso de Sinfonismo Espa\u00f1ol. C\u00f3rdoba. Teatro G\u00f3ngora. 2017.<br>ODEUS, Orquesta Digital Experimental Universidad de Sevilla. Conferencias impartidas en Congreso. Ubicua. CICUS Universidad de Sevilla. Espa\u00f1a. 2011.<br>Composici\u00f3n Autom\u00e1tica de Marchas de Cornetas y Tambores: Aplicaciones Pr\u00e1cticas de las Cadenas de Markov en la M\u00fasica Procesional. Ponencia en Congreso. II Congreso de M\u00fasica y Tecnolog\u00edas Contempor\u00e1neas. Universidad de Sevilla. 2008. <\/p>\n\n\n\n<p>II Congreso de M\u00fasica y Tecnolog\u00edas Contempor\u00e1neas. 1. 16<br>Sinestesia, M\u00fasica y el Arte Cinematogr\u00e1fico. Conferencia Congreso no publicada. Sinestesia, M\u00fasica y el Arte Cinematogr\u00e1fico. Universidad Iberoamericana de Tijuana (M\u00e9xico). 2008.<br>Seville Easter Music: Composition Techniques for Bugle and Drum Bands. Conferencia Congreso no publicada. Seville Easter Music: Composition Techniques for Bugle and Drum Bands. University of California, San Diego (Ucsd), EEUU. 2008.<br>Sangre Derramada: G\u00e9nesis de una Obra Musical. Conferencia Congreso no publicada. Noche Larga de los Museos. Museo de Baile Flamenco de Sevilla. 2007.<br>Tecnolog\u00eda Aplicada en la Composici\u00f3n Musical para Danza Contempor\u00e1nea. Comunicaci\u00f3n en congreso. Congreso Internacional de M\u00fasica y Tecnolog\u00edas Contempor\u00e1neas. 2006. <\/p>\n\n\n\n<p>Cadenas de Cristal. Producci\u00f3n de \u00d3pera Contempor\u00e1nea. Ponencia en Congreso. Bauhaus Catedrales. Universidad Internacional de Andaluc\u00eda. 2006.<br>Taller de Inform\u00e1tica Musical. Ponencia en Taller de trabajo. Bauhaus Catedrales. Escenarios de Sevilla. 2005.<br>Spanish Folk Music. Lesley University, Boston (EEUU). Comunicaci\u00f3n en congreso. Spanish Folk Music. Lesley University, Boston (EEUU). 2003.<\/p>\n<\/div><\/div>\n\n\n\n<p><\/p>\n","protected":false},"excerpt":{"rendered":"<p>Profesor Titular de la Universidad de Sevilla y director del grupo de investigaci\u00f3n CCOM (Ciencia de la Composici\u00f3n y Orquestaci\u00f3n Musical) HUM:1005 de la Consejer\u00eda<\/p>\n","protected":false},"author":1,"featured_media":386,"parent":0,"menu_order":0,"comment_status":"closed","ping_status":"open","template":"page-templates\/template-services.php","meta":{"footnotes":""},"class_list":["post-51","page","type-page","status-publish","has-post-thumbnail","hentry"],"_links":{"self":[{"href":"https:\/\/fjtorres.com\/index.php\/wp-json\/wp\/v2\/pages\/51","targetHints":{"allow":["GET"]}}],"collection":[{"href":"https:\/\/fjtorres.com\/index.php\/wp-json\/wp\/v2\/pages"}],"about":[{"href":"https:\/\/fjtorres.com\/index.php\/wp-json\/wp\/v2\/types\/page"}],"author":[{"embeddable":true,"href":"https:\/\/fjtorres.com\/index.php\/wp-json\/wp\/v2\/users\/1"}],"replies":[{"embeddable":true,"href":"https:\/\/fjtorres.com\/index.php\/wp-json\/wp\/v2\/comments?post=51"}],"version-history":[{"count":7,"href":"https:\/\/fjtorres.com\/index.php\/wp-json\/wp\/v2\/pages\/51\/revisions"}],"predecessor-version":[{"id":505,"href":"https:\/\/fjtorres.com\/index.php\/wp-json\/wp\/v2\/pages\/51\/revisions\/505"}],"wp:featuredmedia":[{"embeddable":true,"href":"https:\/\/fjtorres.com\/index.php\/wp-json\/wp\/v2\/media\/386"}],"wp:attachment":[{"href":"https:\/\/fjtorres.com\/index.php\/wp-json\/wp\/v2\/media?parent=51"}],"curies":[{"name":"wp","href":"https:\/\/api.w.org\/{rel}","templated":true}]}}