{"id":27,"date":"2015-07-20T09:19:41","date_gmt":"2015-07-20T09:19:41","guid":{"rendered":"http:\/\/demo.themegrill.com\/himalayas\/?page_id=27"},"modified":"2023-09-27T15:55:25","modified_gmt":"2023-09-27T15:55:25","slug":"excellent-support","status":"publish","type":"page","link":"https:\/\/fjtorres.com\/index.php\/excellent-support\/","title":{"rendered":"M\u00fasica Procesional"},"content":{"rendered":"<p>Autor prol\u00edfico dentro de la m\u00fasica procesional (tanto para cornetas y tambores, agrupaciones musicales o bandas de m\u00fasica), destaca por la experimentaci\u00f3n que realiza en \u00e9ste g\u00e9nero, eminentemente tradicional, consiguiendo retorcerlo est\u00e9ticamente aunque manteniendo el contacto con el gran p\u00fablico.<\/p>\n<p>Cabe destacar la publicaci\u00f3n en 2008 del primer m\u00e9todo de corneta, realizado gracias a una ayuda de iniciativas culturales del Ayuntamiento de Sevilla.<\/p>\n\n\n<figure class=\"wp-block-image size-large\"><img loading=\"lazy\" decoding=\"async\" width=\"1024\" height=\"714\" src=\"http:\/\/fjtorres.com\/wp-content\/uploads\/2023\/09\/metodocornetaweb-1024x714.jpg\" alt=\"\" class=\"wp-image-467\" srcset=\"https:\/\/fjtorres.com\/wp-content\/uploads\/2023\/09\/metodocornetaweb-1024x714.jpg 1024w, https:\/\/fjtorres.com\/wp-content\/uploads\/2023\/09\/metodocornetaweb-300x209.jpg 300w, https:\/\/fjtorres.com\/wp-content\/uploads\/2023\/09\/metodocornetaweb-768x536.jpg 768w, https:\/\/fjtorres.com\/wp-content\/uploads\/2023\/09\/metodocornetaweb-1536x1072.jpg 1536w, https:\/\/fjtorres.com\/wp-content\/uploads\/2023\/09\/metodocornetaweb-2048x1429.jpg 2048w\" sizes=\"auto, (max-width: 1024px) 100vw, 1024px\" \/><\/figure>\n\n\n\n<p>En 2023 realiza un concierto monogr\u00e1fico en el Teatro Plaza Espa\u00f1a (Sevilla) Interpretando un selecci\u00f3n de sus mejores marcha procesionales en versi\u00f3n sinf\u00f3nica.<\/p>\n\n\n\n<figure class=\"wp-block-image size-large\"><img loading=\"lazy\" decoding=\"async\" width=\"959\" height=\"1024\" src=\"http:\/\/fjtorres.com\/wp-content\/uploads\/2023\/09\/sinfonia-de-cuaresma-959x1024.jpg\" alt=\"\" class=\"wp-image-508\" srcset=\"https:\/\/fjtorres.com\/wp-content\/uploads\/2023\/09\/sinfonia-de-cuaresma-959x1024.jpg 959w, https:\/\/fjtorres.com\/wp-content\/uploads\/2023\/09\/sinfonia-de-cuaresma-281x300.jpg 281w, https:\/\/fjtorres.com\/wp-content\/uploads\/2023\/09\/sinfonia-de-cuaresma-768x820.jpg 768w, https:\/\/fjtorres.com\/wp-content\/uploads\/2023\/09\/sinfonia-de-cuaresma.jpg 1179w\" sizes=\"auto, (max-width: 959px) 100vw, 959px\" \/><\/figure>\n\n\n\n<p><strong>Lux Aeterna. Cornetas y Tambores<\/strong><\/p>\n\n\n\n<figure class=\"wp-block-embed is-type-video is-provider-youtube wp-block-embed-youtube wp-embed-aspect-16-9 wp-has-aspect-ratio\"><div class=\"wp-block-embed__wrapper\">\n<iframe loading=\"lazy\" title=\"Lux Aeterna | Las Cigarreras en la Macarena 2019\" width=\"783\" height=\"440\" src=\"https:\/\/www.youtube.com\/embed\/v5Cw0qiQX4s?feature=oembed\" frameborder=\"0\" allow=\"accelerometer; autoplay; clipboard-write; encrypted-media; gyroscope; picture-in-picture; web-share\" allowfullscreen><\/iframe>\n<\/div><\/figure>\n\n\n\n<p><strong>Al Que Yo Bese. Agrupaci\u00f3n Musical<\/strong><\/p>\n\n\n\n<figure class=\"wp-block-embed is-type-video is-provider-youtube wp-block-embed-youtube wp-embed-aspect-16-9 wp-has-aspect-ratio\"><div class=\"wp-block-embed__wrapper\">\n<iframe loading=\"lazy\" title=\"AM Pasi\u00f3n (Linares) - Al que yo bese (Estreno)\" width=\"783\" height=\"440\" src=\"https:\/\/www.youtube.com\/embed\/6fM4MErL338?feature=oembed\" frameborder=\"0\" allow=\"accelerometer; autoplay; clipboard-write; encrypted-media; gyroscope; picture-in-picture; web-share\" allowfullscreen><\/iframe>\n<\/div><\/figure>\n\n\n\n<p><strong>De Tu Mano. Banda de M\u00fasica<\/strong><\/p>\n\n\n\n<figure class=\"wp-block-embed is-type-video is-provider-youtube wp-block-embed-youtube\"><div class=\"wp-block-embed__wrapper\">\n<iframe loading=\"lazy\" title=\"De Tu Mano\" width=\"783\" height=\"587\" src=\"https:\/\/www.youtube.com\/embed\/9FJPgSOiTFc?feature=oembed\" frameborder=\"0\" allow=\"accelerometer; autoplay; clipboard-write; encrypted-media; gyroscope; picture-in-picture; web-share\" allowfullscreen><\/iframe>\n<\/div><\/figure>\n","protected":false},"excerpt":{"rendered":"<p>Autor prol\u00edfico dentro de la m\u00fasica procesional (tanto para cornetas y tambores, agrupaciones musicales o bandas de m\u00fasica), destaca por la experimentaci\u00f3n que realiza en<\/p>\n","protected":false},"author":1,"featured_media":390,"parent":0,"menu_order":0,"comment_status":"closed","ping_status":"open","template":"page-templates\/template-services.php","meta":{"footnotes":""},"class_list":["post-27","page","type-page","status-publish","has-post-thumbnail","hentry"],"_links":{"self":[{"href":"https:\/\/fjtorres.com\/index.php\/wp-json\/wp\/v2\/pages\/27","targetHints":{"allow":["GET"]}}],"collection":[{"href":"https:\/\/fjtorres.com\/index.php\/wp-json\/wp\/v2\/pages"}],"about":[{"href":"https:\/\/fjtorres.com\/index.php\/wp-json\/wp\/v2\/types\/page"}],"author":[{"embeddable":true,"href":"https:\/\/fjtorres.com\/index.php\/wp-json\/wp\/v2\/users\/1"}],"replies":[{"embeddable":true,"href":"https:\/\/fjtorres.com\/index.php\/wp-json\/wp\/v2\/comments?post=27"}],"version-history":[{"count":7,"href":"https:\/\/fjtorres.com\/index.php\/wp-json\/wp\/v2\/pages\/27\/revisions"}],"predecessor-version":[{"id":512,"href":"https:\/\/fjtorres.com\/index.php\/wp-json\/wp\/v2\/pages\/27\/revisions\/512"}],"wp:featuredmedia":[{"embeddable":true,"href":"https:\/\/fjtorres.com\/index.php\/wp-json\/wp\/v2\/media\/390"}],"wp:attachment":[{"href":"https:\/\/fjtorres.com\/index.php\/wp-json\/wp\/v2\/media?parent=27"}],"curies":[{"name":"wp","href":"https:\/\/api.w.org\/{rel}","templated":true}]}}