{"id":24,"date":"2015-07-20T09:18:22","date_gmt":"2015-07-20T09:18:22","guid":{"rendered":"http:\/\/demo.themegrill.com\/himalayas\/?page_id=24"},"modified":"2023-09-27T10:26:39","modified_gmt":"2023-09-27T10:26:39","slug":"free-theme","status":"publish","type":"page","link":"https:\/\/fjtorres.com\/index.php\/free-theme\/","title":{"rendered":"Radio y Prensa"},"content":{"rendered":"<p>Todos los lunes interviene en \u00abLa Noche de Rafa Cremades\u00bb, magazine radiof\u00f3nico de Canal Sur Radio donde coordina la secci\u00f3n \u00abViviendo la M\u00fasica\u00bb, divulgando de forma amena y entretenida cuestiones sobre la m\u00fasica de cine, la cl\u00e1sica o la electr\u00f3nica.<\/p>\n<p>Sumado a su participaci\u00f3n en diversos medios televisivos y radiof\u00f3nicos, Torres Sim\u00f3n suele colaborar con medios de prensa escrita sobre cuestiones musicales.<\/p>\n\n\n<figure class=\"wp-block-image size-full\"><img loading=\"lazy\" decoding=\"async\" width=\"1024\" height=\"576\" src=\"http:\/\/fjtorres.com\/wp-content\/uploads\/2023\/09\/1691412315747colaborador_viviendo_la_musica.jpg\" alt=\"\" class=\"wp-image-475\" srcset=\"https:\/\/fjtorres.com\/wp-content\/uploads\/2023\/09\/1691412315747colaborador_viviendo_la_musica.jpg 1024w, https:\/\/fjtorres.com\/wp-content\/uploads\/2023\/09\/1691412315747colaborador_viviendo_la_musica-300x169.jpg 300w, https:\/\/fjtorres.com\/wp-content\/uploads\/2023\/09\/1691412315747colaborador_viviendo_la_musica-768x432.jpg 768w\" sizes=\"auto, (max-width: 1024px) 100vw, 1024px\" \/><\/figure>\n\n\n\n<p><a href=\"https:\/\/www.canalsur.es\/multimedia.html?id=1957268\" target=\"_blank\" rel=\"noreferrer noopener\">https:\/\/www.canalsur.es\/multimedia.html?id=1957268<\/a><\/p>\n","protected":false},"excerpt":{"rendered":"<p>Todos los lunes interviene en \u00abLa Noche de Rafa Cremades\u00bb, magazine radiof\u00f3nico de Canal Sur Radio donde coordina la secci\u00f3n \u00abViviendo la M\u00fasica\u00bb, divulgando de<\/p>\n","protected":false},"author":1,"featured_media":438,"parent":0,"menu_order":0,"comment_status":"closed","ping_status":"open","template":"page-templates\/template-services.php","meta":{"footnotes":""},"class_list":["post-24","page","type-page","status-publish","has-post-thumbnail","hentry"],"_links":{"self":[{"href":"https:\/\/fjtorres.com\/index.php\/wp-json\/wp\/v2\/pages\/24","targetHints":{"allow":["GET"]}}],"collection":[{"href":"https:\/\/fjtorres.com\/index.php\/wp-json\/wp\/v2\/pages"}],"about":[{"href":"https:\/\/fjtorres.com\/index.php\/wp-json\/wp\/v2\/types\/page"}],"author":[{"embeddable":true,"href":"https:\/\/fjtorres.com\/index.php\/wp-json\/wp\/v2\/users\/1"}],"replies":[{"embeddable":true,"href":"https:\/\/fjtorres.com\/index.php\/wp-json\/wp\/v2\/comments?post=24"}],"version-history":[{"count":5,"href":"https:\/\/fjtorres.com\/index.php\/wp-json\/wp\/v2\/pages\/24\/revisions"}],"predecessor-version":[{"id":511,"href":"https:\/\/fjtorres.com\/index.php\/wp-json\/wp\/v2\/pages\/24\/revisions\/511"}],"wp:featuredmedia":[{"embeddable":true,"href":"https:\/\/fjtorres.com\/index.php\/wp-json\/wp\/v2\/media\/438"}],"wp:attachment":[{"href":"https:\/\/fjtorres.com\/index.php\/wp-json\/wp\/v2\/media?parent=24"}],"curies":[{"name":"wp","href":"https:\/\/api.w.org\/{rel}","templated":true}]}}